{"id":18,"date":"2014-10-23T21:55:51","date_gmt":"2014-10-23T21:55:51","guid":{"rendered":"http:\/\/decasi-sinsudong.savviihq.com\/?page_id=18"},"modified":"2021-10-22T10:47:10","modified_gmt":"2021-10-22T10:47:10","slug":"ueber-uns","status":"publish","type":"page","link":"https:\/\/casid.de\/de\/ueber-uns\/","title":{"rendered":"\u00dcber uns"},"content":{"rendered":"[vc_row][vc_column][vc_column_text]\n<p class=\"paragraph_style_3\">Die CASID entstand als<span class=\"style_3\">\u00a0<\/span><strong><span class=\"style_4\">\u201eArbeitsgemeinschaft chemische Auftragssynthese in Deutschland\u201c<\/span><\/strong>\u00a0bereits im Jahr 2000. Seit dem Jahr 2009 sind wir ein eingetragener Verein.<\/p>\n<p class=\"paragraph_style_3\"><strong><span class=\"style_4\">Auftragssynthese \u2013 Custom Synthesis<\/span><\/strong>, d.h. die Umsetzung und Verbesserung eines vom Kunden entwickelten Verfahrens in unseren Anlagen, ist ein anspruchsvolles Segment der Feinchemie und erfordert ein ganz besonders intensives Eingehen auf Kundenw\u00fcnsche.<\/p>\n<p class=\"paragraph_style_4\">Die deutsche Auftragssynthese-Branche hat dank der hohen Qualit\u00e4t ihrer chemischen Kompetenz und ihrem au\u00dferordentlich hohen Kundenverst\u00e4ndnis Weltgeltung erlangt.<\/p>\n<p class=\"paragraph_style_4\">Um diese Bekanntheit weiter zu steigern, haben sich <a title=\"Netzwerk\" href=\"http:\/\/casid.de\/\/netzwerk\/\">die deutschen in der Auftragssynthese t\u00e4tigen Firmen<\/a> in der CASID zusammengeschlossen. Sie alle verf\u00fcgen \u00fcber individuelle Technologie-Plattformen und ihr jeweils ganz spezifisches Know-how. Unter den Mitgliedern sind Abteilungen von Gro\u00dfunternehmen, aber auch viele selbstst\u00e4ndige mittelgro\u00dfe und kleinere Firmen. Von wenigen Milligramm im Forschungsbereich bis zu vielen hunderten von Tonnen pro Produkt und Jahr k\u00f6nnen alle Gr\u00f6\u00dfenordnungen ma\u00dfgeschneidert je nach den Kundenw\u00fcnschen produziert werden.<\/p>\n<p class=\"paragraph_style_4\">Die <a title=\"Netzwerk\" href=\"http:\/\/casid.de\/\/netzwerk\/\">Mitgliedsfirmen<\/a> tauschen sich in der CASID zu gemeinsamen und \u00fcbergeordneten Interessen aus, um ihren Service f\u00fcr ihre Kunden weiter zu verbessern. Der CASID e.V. tr\u00e4gt daher aktiv dazu bei, dass Deutschland als wichtiges Land f\u00fcr Kundenauftragssynthese von einem globalen Kundenkreis gesch\u00e4tzt wird.<\/p>\n[\/vc_column_text][\/vc_column][\/vc_row]\n","protected":false},"excerpt":{"rendered":"<p>[vc_row][vc_column][vc_column_text] Die CASID entstand als\u00a0\u201eArbeitsgemeinschaft chemische Auftragssynthese in Deutschland\u201c\u00a0bereits im Jahr 2000. Seit dem Jahr 2009 sind wir ein eingetragener Verein. Auftragssynthese \u2013 Custom Synthesis, d.h. die Umsetzung und Verbesserung eines vom Kunden entwickelten Verfahrens in unseren Anlagen, ist ein&hellip;<\/p>\n","protected":false},"author":1,"featured_media":0,"parent":0,"menu_order":0,"comment_status":"open","ping_status":"open","template":"","meta":{"footnotes":""},"class_list":["post-18","page","type-page","status-publish","hentry","entry","no-media"],"_links":{"self":[{"href":"https:\/\/casid.de\/de\/wp-json\/wp\/v2\/pages\/18"}],"collection":[{"href":"https:\/\/casid.de\/de\/wp-json\/wp\/v2\/pages"}],"about":[{"href":"https:\/\/casid.de\/de\/wp-json\/wp\/v2\/types\/page"}],"author":[{"embeddable":true,"href":"https:\/\/casid.de\/de\/wp-json\/wp\/v2\/users\/1"}],"replies":[{"embeddable":true,"href":"https:\/\/casid.de\/de\/wp-json\/wp\/v2\/comments?post=18"}],"version-history":[{"count":6,"href":"https:\/\/casid.de\/de\/wp-json\/wp\/v2\/pages\/18\/revisions"}],"predecessor-version":[{"id":741,"href":"https:\/\/casid.de\/de\/wp-json\/wp\/v2\/pages\/18\/revisions\/741"}],"wp:attachment":[{"href":"https:\/\/casid.de\/de\/wp-json\/wp\/v2\/media?parent=18"}],"curies":[{"name":"wp","href":"https:\/\/api.w.org\/{rel}","templated":true}]}}