{"id":14,"date":"2014-10-23T21:55:20","date_gmt":"2014-10-23T21:55:20","guid":{"rendered":"http:\/\/decasi-sinsudong.savviihq.com\/?page_id=14"},"modified":"2025-09-16T11:45:06","modified_gmt":"2025-09-16T11:45:06","slug":"kontakt","status":"publish","type":"page","link":"https:\/\/casid.de\/de\/kontakt\/","title":{"rendered":"Kontakt"},"content":{"rendered":"[vc_row][vc_column][vc_single_image image=&#8220;281&#8243; alignment=&#8220;center&#8220;][\/vc_column][\/vc_row][vc_row center_row=&#8220;yes&#8220; bg_style=&#8220;stretch&#8220; video_bg_overlay=&#8220;none&#8220; border_style=&#8220;solid&#8220; padding_top=&#8220;0px&#8220; padding_bottom=&#8220;30px&#8220;][vc_column]<div class=\"vcex-module vcex-divider vcex-divider-solid\" style=\"width:100%;margin-top:0px;margin-bottom:45px;border-top-width:1px;\"><\/div>[vc_column_text]\n<p style=\"text-align: center;\">Haben Sie Fragen oder ben\u00f6tigen ein Angebot zu unseren Leistungen, k\u00f6nnen Sie uns per Telefon, E-Mail oder \u00fcber unser Kontaktformular erreichen. Wir werden Ihre Anfragen stets vertraulich, kompetent sowie schnellstm\u00f6glich beantworten.<\/p>\n[\/vc_column_text][\/vc_column][\/vc_row][vc_row center_row=&#8220;yes&#8220; bg_style=&#8220;stretch&#8220; video_bg_overlay=&#8220;none&#8220; border_style=&#8220;solid&#8220; padding_top=&#8220;0px&#8220; padding_bottom=&#8220;30px&#8220;][vc_column width=&#8220;1\/2&#8243;]\n<div class=\"wpcf7 no-js\" id=\"wpcf7-f5-o1\" lang=\"de-DE\" dir=\"ltr\" data-wpcf7-id=\"5\">\n<div class=\"screen-reader-response\"><p role=\"status\" aria-live=\"polite\" aria-atomic=\"true\"><\/p> <ul><\/ul><\/div>\n<form action=\"\/de\/wp-json\/wp\/v2\/pages\/14#wpcf7-f5-o1\" method=\"post\" class=\"wpcf7-form init\" aria-label=\"Kontaktformular\" novalidate=\"novalidate\" data-status=\"init\">\n<div style=\"display: none;\">\n<input type=\"hidden\" name=\"_wpcf7\" value=\"5\" \/>\n<input type=\"hidden\" name=\"_wpcf7_version\" value=\"6.0.6\" \/>\n<input type=\"hidden\" name=\"_wpcf7_locale\" value=\"de_DE\" \/>\n<input type=\"hidden\" name=\"_wpcf7_unit_tag\" value=\"wpcf7-f5-o1\" \/>\n<input type=\"hidden\" name=\"_wpcf7_container_post\" value=\"0\" \/>\n<input type=\"hidden\" name=\"_wpcf7_posted_data_hash\" value=\"\" \/>\n<input type=\"hidden\" name=\"_wpcf7_recaptcha_response\" value=\"\" \/>\n<\/div>\n<style type=\"text\/css\">\n.wpcf7-form-control.wpcf7-text.wpcf7-validates-as-required {width:100%;}\n.wpcf7-form-control.wpcf7-text.wpcf7-email.wpcf7-validates-as-required.wpcf7-validates-as-email {width:100%;}\n<\/style>\n<div>\n\t<div>\n\t\t<p>Ihr Name (Pflichtfeld)<br \/>\n<span class=\"wpcf7-form-control-wrap\" data-name=\"your-name\"><input size=\"40\" maxlength=\"400\" class=\"wpcf7-form-control wpcf7-text wpcf7-validates-as-required\" aria-required=\"true\" aria-invalid=\"false\" value=\"\" type=\"text\" name=\"your-name\" \/><\/span>\n\t\t<\/p>\n\t<\/div>\n\t<div>\n\t\t<p ><br \/>\nIhre E-Mail-Adresse (Pflichtfeld)<br \/>\n<span class=\"wpcf7-form-control-wrap\" data-name=\"your-email\"><input size=\"40\" maxlength=\"400\" class=\"wpcf7-form-control wpcf7-email wpcf7-validates-as-required wpcf7-text wpcf7-validates-as-email\" aria-required=\"true\" aria-invalid=\"false\" value=\"\" type=\"email\" name=\"your-email\" \/><\/span>\n\t\t<\/p>\n\t<\/div>\n<\/div>\n<div style=\"clear:both;\">\n\t<p>Ihre Nachricht\n\t<\/p>\n\t<p><span class=\"wpcf7-form-control-wrap\" data-name=\"your-message\"><textarea cols=\"40\" rows=\"10\" maxlength=\"2000\" class=\"wpcf7-form-control wpcf7-textarea\" aria-invalid=\"false\" name=\"your-message\"><\/textarea><\/span>\n\t<\/p>\n\t<p><input class=\"wpcf7-form-control wpcf7-submit has-spinner\" type=\"submit\" value=\"Senden\" \/>\n\t<\/p>\n<\/div><div class=\"wpcf7-response-output\" aria-hidden=\"true\"><\/div>\n<\/form>\n<\/div>\n[\/vc_column][vc_column width=&#8220;1\/6&#8243;][vc_column_text]\n[\/vc_column_text][\/vc_column][vc_column width=&#8220;1\/4&#8243;][vc_column_text]\n<p class=\"p1\"><strong><span class=\"s1\">Unsere Postanschrift:<\/span><\/strong><\/p>\n<p style=\"font-weight: 400;\">Dr. Hendrik Baumann<br \/>\nc\/o CASID e.V.<br \/>\nOberer Kreuzweg 8<br \/>\nD-01097 Dresden<\/p>\n[\/vc_column_text][\/vc_column][\/vc_row]\n","protected":false},"excerpt":{"rendered":"<p>[vc_row][vc_column][vc_single_image image=&#8220;281&#8243; alignment=&#8220;center&#8220;][\/vc_column][\/vc_row][vc_row center_row=&#8220;yes&#8220; bg_style=&#8220;stretch&#8220; video_bg_overlay=&#8220;none&#8220; border_style=&#8220;solid&#8220; padding_top=&#8220;0px&#8220; padding_bottom=&#8220;30px&#8220;][vc_column][vc_column_text] Haben Sie Fragen oder ben\u00f6tigen ein Angebot zu unseren Leistungen, k\u00f6nnen Sie uns per Telefon, E-Mail oder \u00fcber unser Kontaktformular erreichen. Wir werden Ihre Anfragen stets vertraulich, kompetent sowie schnellstm\u00f6glich beantworten.&hellip;<\/p>\n","protected":false},"author":1,"featured_media":0,"parent":0,"menu_order":0,"comment_status":"closed","ping_status":"closed","template":"","meta":{"footnotes":""},"class_list":["post-14","page","type-page","status-publish","hentry","entry","no-media"],"_links":{"self":[{"href":"https:\/\/casid.de\/de\/wp-json\/wp\/v2\/pages\/14"}],"collection":[{"href":"https:\/\/casid.de\/de\/wp-json\/wp\/v2\/pages"}],"about":[{"href":"https:\/\/casid.de\/de\/wp-json\/wp\/v2\/types\/page"}],"author":[{"embeddable":true,"href":"https:\/\/casid.de\/de\/wp-json\/wp\/v2\/users\/1"}],"replies":[{"embeddable":true,"href":"https:\/\/casid.de\/de\/wp-json\/wp\/v2\/comments?post=14"}],"version-history":[{"count":59,"href":"https:\/\/casid.de\/de\/wp-json\/wp\/v2\/pages\/14\/revisions"}],"predecessor-version":[{"id":851,"href":"https:\/\/casid.de\/de\/wp-json\/wp\/v2\/pages\/14\/revisions\/851"}],"wp:attachment":[{"href":"https:\/\/casid.de\/de\/wp-json\/wp\/v2\/media?parent=14"}],"curies":[{"name":"wp","href":"https:\/\/api.w.org\/{rel}","templated":true}]}}