{"id":11,"date":"2015-09-28T19:51:58","date_gmt":"2015-09-28T19:51:58","guid":{"rendered":"http:\/\/decasi-sinsudong.savviihq.com\/?page_id=11"},"modified":"2025-09-16T11:44:11","modified_gmt":"2025-09-16T11:44:11","slug":"home-2","status":"publish","type":"page","link":"https:\/\/casid.de\/de\/","title":{"rendered":"Home"},"content":{"rendered":"[vc_row][vc_column css=&#8220;.vc_custom_1634817044429{padding-top: 20px !important;background-color: #ffffff !important;}&#8220;][vc_text_separator title=&#8220;Das Netzwerk&#8220; title_align=&#8220;separator_align_left&#8220;][vc_empty_space][vc_column_text]Die Mitglieder der CASID sind verwurzelt in der Spezial- und Feinchemiebranche, sind erfolgreich am Markt pr\u00e4sent und k\u00f6nnen gemeinsam auf eine gro\u00dfe Erfahrung und eine umfangreiche Technologie und Analytik im Bereich der chemischen Auftragssynthese zur\u00fcckgreifen.<\/p>\n<p>Neben unseren Mitgliedsfirmen verf\u00fcgen wir \u00fcber ein weit reichendes Netzwerk mit Kontakten zu Organisationen und Einzelpersonen, deren Erfahrung, Fachwissen und Pers\u00f6nlichkeit wir zum Nutzen unserer Kunden einbinden k\u00f6nnen.[\/vc_column_text][vc_empty_space]<div class=\"vcex-module wpex-carousel wpex-carousel-portfolio clr owl-carousel arrwstyle-default\" data-items=\"5\" data-slideby=\"1\" data-nav=\"false\" data-dots=\"false\" data-autoplay=\"true\" data-loop=\"true\" data-autoplay-timeout=\"2000\" data-center=\"true\" data-margin=\"15\" data-items-tablet=\"3\" data-items-mobile-landscape=\"2\" data-items-mobile-portrait=\"1\" data-smart-speed=\"2000\"><div class=\"wpex-carousel-slide\"><div class=\"wpex-carousel-entry-media clr\"><a href=\"https:\/\/casid.de\/de\/portfolio-item\/aaron-chemistry-gmbh\/\" title=\"Aaron Chemistry GmbH\" class=\"wpex-carousel-entry-img\"><img loading=\"lazy\" decoding=\"async\" width=\"500\" height=\"350\" src=\"https:\/\/casid.de\/wp-content\/uploads\/2014\/11\/aaron.jpg\" class=\"skip-lazy\" alt=\"\" data-no-lazy=\"1\" srcset=\"https:\/\/casid.de\/wp-content\/uploads\/2014\/11\/aaron.jpg 500w, https:\/\/casid.de\/wp-content\/uploads\/2014\/11\/aaron-300x210.jpg 300w\" sizes=\"(max-width: 500px) 100vw, 500px\" \/><\/a><\/div><\/div><div class=\"wpex-carousel-slide\"><div class=\"wpex-carousel-entry-media clr\"><a href=\"https:\/\/casid.de\/de\/portfolio-item\/dapin-gmbh-2\/\" title=\"Dapin GmbH\" class=\"wpex-carousel-entry-img\"><img loading=\"lazy\" decoding=\"async\" width=\"500\" height=\"350\" src=\"https:\/\/casid.de\/wp-content\/uploads\/2016\/08\/dapin.jpg\" class=\"skip-lazy\" alt=\"\" data-no-lazy=\"1\" srcset=\"https:\/\/casid.de\/wp-content\/uploads\/2016\/08\/dapin.jpg 500w, https:\/\/casid.de\/wp-content\/uploads\/2016\/08\/dapin-300x210.jpg 300w\" sizes=\"(max-width: 500px) 100vw, 500px\" \/><\/a><\/div><\/div><div class=\"wpex-carousel-slide\"><div class=\"wpex-carousel-entry-media clr\"><a href=\"https:\/\/casid.de\/de\/portfolio-item\/chemische-fabrik-berg-gmbh\/\" title=\"Chemische Fabrik Berg GmbH\" class=\"wpex-carousel-entry-img\"><img loading=\"lazy\" decoding=\"async\" width=\"500\" height=\"350\" src=\"https:\/\/casid.de\/wp-content\/uploads\/2014\/11\/cfb.jpg\" class=\"skip-lazy\" alt=\"\" data-no-lazy=\"1\" srcset=\"https:\/\/casid.de\/wp-content\/uploads\/2014\/11\/cfb.jpg 500w, https:\/\/casid.de\/wp-content\/uploads\/2014\/11\/cfb-300x210.jpg 300w\" sizes=\"(max-width: 500px) 100vw, 500px\" \/><\/a><\/div><\/div><div class=\"wpex-carousel-slide\"><div class=\"wpex-carousel-entry-media clr\"><a href=\"https:\/\/casid.de\/de\/portfolio-item\/chemisch-pharmazeutisches-labor-rolf-sachse-gmbh\/\" title=\"Chemisch-pharmazeutisches Labor Rolf Sachse GmbH\" class=\"wpex-carousel-entry-img\"><img loading=\"lazy\" decoding=\"async\" width=\"500\" height=\"350\" src=\"https:\/\/casid.de\/wp-content\/uploads\/2014\/11\/cplsachse.jpg\" class=\"skip-lazy\" alt=\"\" data-no-lazy=\"1\" srcset=\"https:\/\/casid.de\/wp-content\/uploads\/2014\/11\/cplsachse.jpg 500w, https:\/\/casid.de\/wp-content\/uploads\/2014\/11\/cplsachse-300x210.jpg 300w\" sizes=\"(max-width: 500px) 100vw, 500px\" \/><\/a><\/div><\/div><div class=\"wpex-carousel-slide\"><div class=\"wpex-carousel-entry-media clr\"><a href=\"https:\/\/casid.de\/de\/portfolio-item\/ferak-berlin-gmbh\/\" title=\"Ferak Berlin GmbH\" class=\"wpex-carousel-entry-img\"><img loading=\"lazy\" decoding=\"async\" width=\"500\" height=\"350\" src=\"https:\/\/casid.de\/wp-content\/uploads\/2014\/11\/ferakberlin.jpg\" class=\"skip-lazy\" alt=\"\" data-no-lazy=\"1\" srcset=\"https:\/\/casid.de\/wp-content\/uploads\/2014\/11\/ferakberlin.jpg 500w, https:\/\/casid.de\/wp-content\/uploads\/2014\/11\/ferakberlin-300x210.jpg 300w\" sizes=\"(max-width: 500px) 100vw, 500px\" \/><\/a><\/div><\/div><div class=\"wpex-carousel-slide\"><div class=\"wpex-carousel-entry-media clr\"><a href=\"https:\/\/casid.de\/de\/portfolio-item\/hapila-gmbh\/\" title=\"Hapila GmbH\" class=\"wpex-carousel-entry-img\"><img loading=\"lazy\" decoding=\"async\" width=\"500\" height=\"350\" src=\"https:\/\/casid.de\/wp-content\/uploads\/2014\/11\/hapila.jpg\" class=\"skip-lazy\" alt=\"\" data-no-lazy=\"1\" srcset=\"https:\/\/casid.de\/wp-content\/uploads\/2014\/11\/hapila.jpg 500w, https:\/\/casid.de\/wp-content\/uploads\/2014\/11\/hapila-300x210.jpg 300w\" sizes=\"(max-width: 500px) 100vw, 500px\" \/><\/a><\/div><\/div><div class=\"wpex-carousel-slide\"><div class=\"wpex-carousel-entry-media clr\"><a href=\"https:\/\/casid.de\/de\/portfolio-item\/herbrand-pharmachemicals-gmbh\/\" title=\"HERBRAND PharmaChemicals GmbH\" class=\"wpex-carousel-entry-img\"><img loading=\"lazy\" decoding=\"async\" width=\"500\" height=\"350\" src=\"https:\/\/casid.de\/wp-content\/uploads\/2014\/11\/herbrand.jpg\" class=\"skip-lazy\" alt=\"\" data-no-lazy=\"1\" srcset=\"https:\/\/casid.de\/wp-content\/uploads\/2014\/11\/herbrand.jpg 500w, https:\/\/casid.de\/wp-content\/uploads\/2014\/11\/herbrand-300x210.jpg 300w\" sizes=\"(max-width: 500px) 100vw, 500px\" \/><\/a><\/div><\/div><div class=\"wpex-carousel-slide\"><div class=\"wpex-carousel-entry-media clr\"><a href=\"https:\/\/casid.de\/de\/portfolio-item\/nitrochemie-aschau-gmbh\/\" title=\"Nitrochemie Aschau GmbH\" class=\"wpex-carousel-entry-img\"><img loading=\"lazy\" decoding=\"async\" width=\"500\" height=\"350\" src=\"https:\/\/casid.de\/wp-content\/uploads\/2014\/11\/nitrochemie.jpg\" class=\"skip-lazy\" alt=\"\" data-no-lazy=\"1\" srcset=\"https:\/\/casid.de\/wp-content\/uploads\/2014\/11\/nitrochemie.jpg 500w, https:\/\/casid.de\/wp-content\/uploads\/2014\/11\/nitrochemie-300x210.jpg 300w\" sizes=\"(max-width: 500px) 100vw, 500px\" \/><\/a><\/div><\/div><div class=\"wpex-carousel-slide\"><div class=\"wpex-carousel-entry-media clr\"><a href=\"https:\/\/casid.de\/de\/portfolio-item\/petersen-laboratories\/\" title=\"PETERSEN LABORATORIES\" class=\"wpex-carousel-entry-img\"><img loading=\"lazy\" decoding=\"async\" width=\"500\" height=\"350\" src=\"https:\/\/casid.de\/wp-content\/uploads\/2014\/11\/petersen.jpg\" class=\"skip-lazy\" alt=\"\" data-no-lazy=\"1\" srcset=\"https:\/\/casid.de\/wp-content\/uploads\/2014\/11\/petersen.jpg 500w, https:\/\/casid.de\/wp-content\/uploads\/2014\/11\/petersen-300x210.jpg 300w\" sizes=\"(max-width: 500px) 100vw, 500px\" \/><\/a><\/div><\/div><div class=\"wpex-carousel-slide\"><div class=\"wpex-carousel-entry-media clr\"><a href=\"https:\/\/casid.de\/de\/portfolio-item\/unavera-chemlab-gmbh\/\" title=\"Unavera ChemLab GmbH\" class=\"wpex-carousel-entry-img\"><img loading=\"lazy\" decoding=\"async\" width=\"500\" height=\"350\" src=\"https:\/\/casid.de\/wp-content\/uploads\/2014\/11\/unavera.jpg\" class=\"skip-lazy\" alt=\"\" data-no-lazy=\"1\" srcset=\"https:\/\/casid.de\/wp-content\/uploads\/2014\/11\/unavera.jpg 500w, https:\/\/casid.de\/wp-content\/uploads\/2014\/11\/unavera-300x210.jpg 300w\" sizes=\"(max-width: 500px) 100vw, 500px\" \/><\/a><\/div><\/div><div class=\"wpex-carousel-slide\"><div class=\"wpex-carousel-entry-media clr\"><a href=\"https:\/\/casid.de\/de\/portfolio-item\/weylchem-group\/\" title=\"WeylChem Group\" class=\"wpex-carousel-entry-img\"><img loading=\"lazy\" decoding=\"async\" width=\"500\" height=\"350\" src=\"https:\/\/casid.de\/wp-content\/uploads\/2014\/11\/weylchem.jpg\" class=\"skip-lazy\" alt=\"\" data-no-lazy=\"1\" srcset=\"https:\/\/casid.de\/wp-content\/uploads\/2014\/11\/weylchem.jpg 500w, https:\/\/casid.de\/wp-content\/uploads\/2014\/11\/weylchem-300x210.jpg 300w\" sizes=\"(max-width: 500px) 100vw, 500px\" \/><\/a><\/div><\/div><div class=\"wpex-carousel-slide\"><div class=\"wpex-carousel-entry-media clr\"><a href=\"https:\/\/casid.de\/de\/portfolio-item\/minakem\/\" title=\"Minascent Technologies GmbH \/ Minascent Leuna Production GmbH\" class=\"wpex-carousel-entry-img\"><img loading=\"lazy\" decoding=\"async\" width=\"500\" height=\"350\" src=\"https:\/\/casid.de\/wp-content\/uploads\/2016\/08\/minakem.jpg\" class=\"skip-lazy\" alt=\"\" data-no-lazy=\"1\" srcset=\"https:\/\/casid.de\/wp-content\/uploads\/2016\/08\/minakem.jpg 500w, https:\/\/casid.de\/wp-content\/uploads\/2016\/08\/minakem-300x210.jpg 300w\" sizes=\"(max-width: 500px) 100vw, 500px\" \/><\/a><\/div><\/div><div class=\"wpex-carousel-slide\"><div class=\"wpex-carousel-entry-media clr\"><a href=\"https:\/\/casid.de\/de\/portfolio-item\/chiracon-gmbh\/\" title=\"chiracon GmbH\" class=\"wpex-carousel-entry-img\"><img loading=\"lazy\" decoding=\"async\" width=\"500\" height=\"350\" src=\"https:\/\/casid.de\/wp-content\/uploads\/2016\/09\/chiracon1.jpg\" class=\"skip-lazy\" alt=\"\" data-no-lazy=\"1\" srcset=\"https:\/\/casid.de\/wp-content\/uploads\/2016\/09\/chiracon1.jpg 500w, https:\/\/casid.de\/wp-content\/uploads\/2016\/09\/chiracon1-300x210.jpg 300w\" sizes=\"(max-width: 500px) 100vw, 500px\" \/><\/a><\/div><\/div><div class=\"wpex-carousel-slide\"><div class=\"wpex-carousel-entry-media clr\"><a href=\"https:\/\/casid.de\/de\/portfolio-item\/prochem-gmbh\/\" title=\"ProChem GmbH\" class=\"wpex-carousel-entry-img\"><img loading=\"lazy\" decoding=\"async\" width=\"500\" height=\"350\" src=\"https:\/\/casid.de\/wp-content\/uploads\/2020\/01\/prochem.jpg\" class=\"skip-lazy\" alt=\"\" data-no-lazy=\"1\" srcset=\"https:\/\/casid.de\/wp-content\/uploads\/2020\/01\/prochem.jpg 500w, https:\/\/casid.de\/wp-content\/uploads\/2020\/01\/prochem-300x210.jpg 300w\" sizes=\"(max-width: 500px) 100vw, 500px\" \/><\/a><\/div><\/div><div class=\"wpex-carousel-slide\"><div class=\"wpex-carousel-entry-media clr\"><a href=\"https:\/\/casid.de\/de\/portfolio-item\/vezerf-laborsynthesen-gmbh-2\/\" title=\"VeZerf\u00a0Laborsynthesen GmbH\" class=\"wpex-carousel-entry-img\"><img loading=\"lazy\" decoding=\"async\" width=\"500\" height=\"350\" src=\"https:\/\/casid.de\/wp-content\/uploads\/2022\/11\/vezerf-1.jpg\" class=\"skip-lazy\" alt=\"\" data-no-lazy=\"1\" srcset=\"https:\/\/casid.de\/wp-content\/uploads\/2022\/11\/vezerf-1.jpg 500w, https:\/\/casid.de\/wp-content\/uploads\/2022\/11\/vezerf-1-300x210.jpg 300w\" sizes=\"(max-width: 500px) 100vw, 500px\" \/><\/a><\/div><\/div><div class=\"wpex-carousel-slide\"><div class=\"wpex-carousel-entry-media clr\"><a href=\"https:\/\/casid.de\/de\/portfolio-item\/schirm-gmbh-de\/\" title=\"Schirm GmbH\" class=\"wpex-carousel-entry-img\"><img loading=\"lazy\" decoding=\"async\" width=\"500\" height=\"350\" src=\"https:\/\/casid.de\/wp-content\/uploads\/2022\/12\/schirm-gmbh-logo-1.png\" class=\"skip-lazy\" alt=\"\" data-no-lazy=\"1\" srcset=\"https:\/\/casid.de\/wp-content\/uploads\/2022\/12\/schirm-gmbh-logo-1.png 500w, https:\/\/casid.de\/wp-content\/uploads\/2022\/12\/schirm-gmbh-logo-1-300x210.png 300w\" sizes=\"(max-width: 500px) 100vw, 500px\" \/><\/a><\/div><\/div><div class=\"wpex-carousel-slide\"><div class=\"wpex-carousel-entry-media clr\"><a href=\"https:\/\/casid.de\/de\/portfolio-item\/orgentis-chemicals-gmbh\/\" title=\"Orgentis Chemicals GmbH\" class=\"wpex-carousel-entry-img\"><img loading=\"lazy\" decoding=\"async\" width=\"500\" height=\"350\" src=\"https:\/\/casid.de\/wp-content\/uploads\/2024\/08\/orgentis.jpg\" class=\"skip-lazy\" alt=\"\" data-no-lazy=\"1\" srcset=\"https:\/\/casid.de\/wp-content\/uploads\/2024\/08\/orgentis.jpg 500w, https:\/\/casid.de\/wp-content\/uploads\/2024\/08\/orgentis-300x210.jpg 300w\" sizes=\"(max-width: 500px) 100vw, 500px\" \/><\/a><\/div><\/div><div class=\"wpex-carousel-slide\"><div class=\"wpex-carousel-entry-media clr\"><a href=\"https:\/\/casid.de\/de\/portfolio-item\/few-chemicals-gmbh\/\" title=\"FEW Chemicals GmbH\" class=\"wpex-carousel-entry-img\"><img loading=\"lazy\" decoding=\"async\" width=\"500\" height=\"350\" src=\"https:\/\/casid.de\/wp-content\/uploads\/2026\/01\/few.jpg\" class=\"skip-lazy\" alt=\"\" data-no-lazy=\"1\" srcset=\"https:\/\/casid.de\/wp-content\/uploads\/2026\/01\/few.jpg 500w, https:\/\/casid.de\/wp-content\/uploads\/2026\/01\/few-300x210.jpg 300w\" sizes=\"(max-width: 500px) 100vw, 500px\" \/><\/a><\/div><\/div><\/div>[vc_empty_space][\/vc_column][\/vc_row][vc_row][vc_column width=&#8220;1\/2&#8243;][vc_text_separator title=&#8220;Unsere Ziele&#8220; title_align=&#8220;separator_align_left&#8220;][vc_empty_space][vc_column_text]\n<div class=\"page\" title=\"Page 3\">\n<div class=\"section\">\n<div class=\"layoutArea\">\n<div class=\"column\">\n<ul>\n<li>Sicherung der Wettbewerbsf\u00e4higkeit der deutschen Lohnhersteller im\u00a0\ufffcinternationalen Vergleich<\/li>\n<li>Steigerung der Bekanntheit der Kundensynthese in Deutschland<\/li>\n<\/ul>\n<\/div>\n<\/div>\n<\/div>\n<\/div>\n[\/vc_column_text][\/vc_column][vc_column width=&#8220;1\/2&#8243;][vc_text_separator title=&#8220;Schwerpunkte unserer Arbeit&#8220; title_align=&#8220;separator_align_left&#8220;][vc_empty_space][vc_column_text]\n<div class=\"page\" title=\"Page 3\">\n<div class=\"section\">\n<div class=\"layoutArea\">\n<div class=\"column\">\n<ul>\n<li>Vertretung von \u00fcbergeordneten und gemeinsamen Interessen der in der Arbeitsgemeinschaft zusammengeschlossenen Firmen<\/li>\n<li>Erfahrungsaustausch z.B. zu regulatorischen Fragestellungen und dem Umgang mit Beh\u00f6rden<\/li>\n<li>Public Relations inkl.\u00a0Benchmarking und Trendanalysen<\/li>\n<li>Kontaktpflege zu anderen Organisationen im benachbarten Ausland,\u00a0z.B. ECFG ( European Fine Chemicals Group) innerhalb der CEFIC<\/li>\n<\/ul>\n<\/div>\n<\/div>\n<\/div>\n<\/div>\n[\/vc_column_text][\/vc_column][\/vc_row][vc_row disable_element=&#8220;yes&#8220;][vc_column][vc_text_separator title=&#8220;Treffen Sie uns pers\u00f6nlich&#8220; title_align=&#8220;separator_align_left&#8220;][\/vc_column][\/vc_row][vc_row disable_element=&#8220;yes&#8220;][vc_column][vc_single_image image=&#8220;790&#8243; alignment=&#8220;center&#8220; onclick=&#8220;custom_link&#8220; img_link_target=&#8220;_blank&#8220; link=&#8220;https:\/\/www.cphi.com\/europe\/en\/home.html&#8220;][\/vc_column][\/vc_row][vc_row][vc_column][vc_column_text]\n<p style=\"text-align: center;\"><span style=\"font-size: 16px;\">Ihr Ansprechpartner: <a href=\"https:\/\/www.linkedin.com\/in\/hendrik-baumann-57782b7\/\" target=\"_blank\" rel=\"noopener\">Dr. Hendrik Baumann, Pr\u00e4sident der CASID e.V. <\/a><\/span><\/p>\n[\/vc_column_text][\/vc_column][\/vc_row]\n","protected":false},"excerpt":{"rendered":"<p>[vc_row][vc_column css=&#8220;.vc_custom_1634817044429{padding-top: 20px !important;background-color: #ffffff !important;}&#8220;][vc_text_separator title=&#8220;Das Netzwerk&#8220; title_align=&#8220;separator_align_left&#8220;][vc_empty_space][vc_column_text]Die Mitglieder der CASID sind verwurzelt in der Spezial- und Feinchemiebranche, sind erfolgreich am Markt pr\u00e4sent und k\u00f6nnen gemeinsam auf eine gro\u00dfe Erfahrung und eine umfangreiche Technologie und Analytik im Bereich der&hellip;<\/p>\n","protected":false},"author":1,"featured_media":0,"parent":0,"menu_order":0,"comment_status":"open","ping_status":"open","template":"","meta":{"footnotes":""},"class_list":["post-11","page","type-page","status-publish","hentry","entry","no-media"],"_links":{"self":[{"href":"https:\/\/casid.de\/de\/wp-json\/wp\/v2\/pages\/11"}],"collection":[{"href":"https:\/\/casid.de\/de\/wp-json\/wp\/v2\/pages"}],"about":[{"href":"https:\/\/casid.de\/de\/wp-json\/wp\/v2\/types\/page"}],"author":[{"embeddable":true,"href":"https:\/\/casid.de\/de\/wp-json\/wp\/v2\/users\/1"}],"replies":[{"embeddable":true,"href":"https:\/\/casid.de\/de\/wp-json\/wp\/v2\/comments?post=11"}],"version-history":[{"count":59,"href":"https:\/\/casid.de\/de\/wp-json\/wp\/v2\/pages\/11\/revisions"}],"predecessor-version":[{"id":850,"href":"https:\/\/casid.de\/de\/wp-json\/wp\/v2\/pages\/11\/revisions\/850"}],"wp:attachment":[{"href":"https:\/\/casid.de\/de\/wp-json\/wp\/v2\/media?parent=11"}],"curies":[{"name":"wp","href":"https:\/\/api.w.org\/{rel}","templated":true}]}}